{"id":139,"date":"2009-02-07T14:24:45","date_gmt":"2009-02-07T13:24:45","guid":{"rendered":"http:\/\/www.theateretcetera.com\/?page_id=139"},"modified":"2019-10-15T13:42:12","modified_gmt":"2019-10-15T12:42:12","slug":"impressum","status":"publish","type":"page","link":"https:\/\/www.theateretcetera.com\/?page_id=139","title":{"rendered":"+ impressum"},"content":{"rendered":"<p>impressum<\/p>\n<pre>Ulrich Kofler\nRaas, Michael Pacher Str. 14\/A\n39040 Natz-Schabs (S\u00fcdtirol)<\/pre>\n<p>E-Mail: ulrich.kofler@pec.it<\/p>\n<p>Inhaltlich Verantwortlicher gem\u00e4\u00df \u00a7: Ulrich Kofler<\/p>\n<p><span style=\"color: #000000;\">\u00a9<\/span> Copyright Ulrich Kofler \/ <span style=\"color: #808080;\">Jegliche Verwendung, auch auszugsweise, bedarf einer schriftlichen Genehmigung.<\/span><\/p>\n<p>Haftungshinweis: Trotz sorgf\u00e4ltiger inhaltlicher Kontrolle \u00fcbernehme ich keine Haftung f\u00fcr die Inhalte externer Links. F\u00fcr den Inhalt der verlinkten Seiten sind ausschlie\u00dflich deren Betreiber verantwortlich.<\/p>\n<p>&nbsp;<\/p>\n","protected":false},"excerpt":{"rendered":"<p>impressum Ulrich Kofler Raas, Michael Pacher Str. 14\/A 39040 Natz-Schabs (S\u00fcdtirol) E-Mail: ulrich.kofler@pec.it Inhaltlich Verantwortlicher gem\u00e4\u00df \u00a7: Ulrich Kofler \u00a9 Copyright Ulrich Kofler \/ Jegliche Verwendung, auch auszugsweise, bedarf einer schriftlichen Genehmigung. Haftungshinweis: Trotz sorgf\u00e4ltiger inhaltlicher Kontrolle \u00fcbernehme ich keine Haftung f\u00fcr die Inhalte externer Links. F\u00fcr den Inhalt der verlinkten Seiten sind ausschlie\u00dflich deren &hellip; <\/p>\n<p class=\"link-more\"><a href=\"https:\/\/www.theateretcetera.com\/?page_id=139\" class=\"more-link\"><span class=\"screen-reader-text\">\u201e+ impressum\u201c<\/span> weiterlesen<\/a><\/p>\n","protected":false},"author":1,"featured_media":0,"parent":0,"menu_order":78,"comment_status":"closed","ping_status":"closed","template":"","meta":{"footnotes":""},"_links":{"self":[{"href":"https:\/\/www.theateretcetera.com\/index.php?rest_route=\/wp\/v2\/pages\/139"}],"collection":[{"href":"https:\/\/www.theateretcetera.com\/index.php?rest_route=\/wp\/v2\/pages"}],"about":[{"href":"https:\/\/www.theateretcetera.com\/index.php?rest_route=\/wp\/v2\/types\/page"}],"author":[{"embeddable":true,"href":"https:\/\/www.theateretcetera.com\/index.php?rest_route=\/wp\/v2\/users\/1"}],"replies":[{"embeddable":true,"href":"https:\/\/www.theateretcetera.com\/index.php?rest_route=%2Fwp%2Fv2%2Fcomments&post=139"}],"version-history":[{"count":14,"href":"https:\/\/www.theateretcetera.com\/index.php?rest_route=\/wp\/v2\/pages\/139\/revisions"}],"predecessor-version":[{"id":829,"href":"https:\/\/www.theateretcetera.com\/index.php?rest_route=\/wp\/v2\/pages\/139\/revisions\/829"}],"wp:attachment":[{"href":"https:\/\/www.theateretcetera.com\/index.php?rest_route=%2Fwp%2Fv2%2Fmedia&parent=139"}],"curies":[{"name":"wp","href":"https:\/\/api.w.org\/{rel}","templated":true}]}}