{"id":853,"date":"2020-01-21T19:56:08","date_gmt":"2020-01-21T18:56:08","guid":{"rendered":"http:\/\/www.theateretcetera.com\/?page_id=853"},"modified":"2023-09-25T08:30:33","modified_gmt":"2023-09-25T07:30:33","slug":"griass-di","status":"publish","type":"page","link":"https:\/\/www.theateretcetera.com\/","title":{"rendered":"Gria\u00df di&#8216;"},"content":{"rendered":"\n<p><em>Hoila<\/em>, ich bin <strong>Ulrich<\/strong> &#8211; geb. 1966<\/p>\n\n\n\n<p><strong>a<\/strong>m Ritten aufgewachsen, lebe mit Frau, zwei wunderbare Kinder und Katze in Raas.<\/p>\n\n\n\n<p><strong>D<\/strong>ie ersten Erfahrungen im Theater sammelte ich vor f\u00fcnfzwanzig Jahren, seitdem befasse ich damit. <\/p>\n\n\n\n<p> <strong>A<\/strong>ls leidenschaftlicher Theatermacher m\u00f6chte ich Geschichten erz\u00e4hlen von Figuren, die uns ber\u00fchren, verst\u00f6ren, bet\u00f6ren, zum Lachen und zum Weinen bringen.  <\/p>\n\n\n\n<p><strong>Z<\/strong>usammen mit einem engagierten Ensemble macht diese Arbeit riesigen Spa\u00df. Ich freue mich schon auf die n\u00e4chste Inszenierung.<\/p>\n\n\n\n<figure class=\"wp-block-image is-resized\"><img decoding=\"async\" loading=\"lazy\" src=\"https:\/\/www.theateretcetera.com\/wp-content\/uploads\/2020\/01\/photo_2020-01-21_19-18-46-1-426x1024.jpg\" alt=\"\" class=\"wp-image-854\" style=\"width:187px;height:450px\" width=\"187\" height=\"450\" srcset=\"https:\/\/www.theateretcetera.com\/wp-content\/uploads\/2020\/01\/photo_2020-01-21_19-18-46-1-426x1024.jpg 426w, https:\/\/www.theateretcetera.com\/wp-content\/uploads\/2020\/01\/photo_2020-01-21_19-18-46-1-125x300.jpg 125w, https:\/\/www.theateretcetera.com\/wp-content\/uploads\/2020\/01\/photo_2020-01-21_19-18-46-1.jpg 533w\" sizes=\"(max-width: 187px) 100vw, 187px\" \/><figcaption class=\"wp-element-caption\">bei einer Pfeife abschalten &#8211; what else?<\/figcaption><\/figure>\n\n\n\n<p>Wenn ich mich als Regisseur beschreiben m\u00fcsste, w\u00fcrde ich Alan A. Armer zitieren: er schreibt \u00fcber den Regisseur: <em>\u201e&#8230;<\/em><strong><em>er ist Vater und Mutter, Priester, Psychologe, Freund, Autor, Schauspieler, Photograph, Kost\u00fcmbildner, Elektronikfachmann, Beleuchter, graphischer K\u00fcnstler und spielt noch ein Dutzend andere Rollen\u201c<\/em><\/strong><em> <\/em><\/p>\n","protected":false},"excerpt":{"rendered":"<p>Hoila, ich bin Ulrich &#8211; geb. 1966 am Ritten aufgewachsen, lebe mit Frau, zwei wunderbare Kinder und Katze in Raas. Die ersten Erfahrungen im Theater sammelte ich vor f\u00fcnfzwanzig Jahren, seitdem befasse ich damit. Als leidenschaftlicher Theatermacher m\u00f6chte ich Geschichten erz\u00e4hlen von Figuren, die uns ber\u00fchren, verst\u00f6ren, bet\u00f6ren, zum Lachen und zum Weinen bringen. Zusammen &hellip; <\/p>\n<p class=\"link-more\"><a href=\"https:\/\/www.theateretcetera.com\/\" class=\"more-link\"><span class=\"screen-reader-text\">\u201eGria\u00df di&#8216;\u201c<\/span> weiterlesen<\/a><\/p>\n","protected":false},"author":1,"featured_media":0,"parent":0,"menu_order":0,"comment_status":"closed","ping_status":"closed","template":"","meta":{"footnotes":""},"_links":{"self":[{"href":"https:\/\/www.theateretcetera.com\/index.php?rest_route=\/wp\/v2\/pages\/853"}],"collection":[{"href":"https:\/\/www.theateretcetera.com\/index.php?rest_route=\/wp\/v2\/pages"}],"about":[{"href":"https:\/\/www.theateretcetera.com\/index.php?rest_route=\/wp\/v2\/types\/page"}],"author":[{"embeddable":true,"href":"https:\/\/www.theateretcetera.com\/index.php?rest_route=\/wp\/v2\/users\/1"}],"replies":[{"embeddable":true,"href":"https:\/\/www.theateretcetera.com\/index.php?rest_route=%2Fwp%2Fv2%2Fcomments&post=853"}],"version-history":[{"count":4,"href":"https:\/\/www.theateretcetera.com\/index.php?rest_route=\/wp\/v2\/pages\/853\/revisions"}],"predecessor-version":[{"id":900,"href":"https:\/\/www.theateretcetera.com\/index.php?rest_route=\/wp\/v2\/pages\/853\/revisions\/900"}],"wp:attachment":[{"href":"https:\/\/www.theateretcetera.com\/index.php?rest_route=%2Fwp%2Fv2%2Fmedia&parent=853"}],"curies":[{"name":"wp","href":"https:\/\/api.w.org\/{rel}","templated":true}]}}